{"id":1526,"date":"2019-01-09T15:53:00","date_gmt":"2019-01-09T14:53:00","guid":{"rendered":"https:\/\/hotel-tirler.com\/?page_id=1526"},"modified":"2025-04-30T00:17:52","modified_gmt":"2025-04-29T22:17:52","slug":"informativa-privacy","status":"publish","type":"page","link":"https:\/\/hotel-tirler.com\/it\/informativa-privacy\/","title":{"rendered":"Privacy Policy"},"content":{"rendered":"<p>INFORMATIVA Al SENSI DELL&#8217;ART. 13 DEL DECRETO LEGISLATIVO N. 196\/03<\/p>\n<p>Ai sensi dell\u2019art. 13 del D.Lgs. n. 196\/2003 sulla privacy, La informiamo che, Tirler GmbHin qualit\u00e0 di Titolare del trattamento, conserver\u00e0 nel proprio archivio i dati a Lei relativi. Il trattamento delle informazioni che La riguardano, sar\u00e0 improntato ai principi di correttezza, liceit\u00e0 e trasparenza e tutelando la Sua riservatezza e i Suoi diritti.<\/p>\n<p>Questi potranno essere usati da Tirler GmbH per l\u2019elaborazione di statistiche (esclusivamente anonime) e per inviarle materiale pubblicitario, cataloghi e listini prezzo, nonch\u00e9 per tenerLa aggiornata sulle nostre iniziative e offerte promozionali. In qualsiasi momento, Lei potr\u00e0 esercitare tutti i diritti previsti dall\u2019art. 7 del D.Lgs. n. 196\/2003 tra cui i diritti di accesso, rettifica, aggiornamento, integrazione, trasformazione in forma anonima dei dati o cancellazione degli stessi, nonch\u00e9 di opporsi al loro utilizzo rivolgendosi al responsabile, da noi all\u2019uopo nominato ai sensi dell\u2019articolo 13 lettera f) Dlgs 196\/2003, nella persona del Hannes Rabanser, reperibile al seguente indirizzo di posta elettronica: info@tirler.com<\/p>\n","protected":false},"excerpt":{"rendered":"<p>INFORMATIVA Al SENSI DELL&#8217;ART. 13 DEL DECRETO LEGISLATIVO N. 196\/03 Ai sensi dell\u2019art. 13 del D.Lgs. n. 196\/2003 sulla privacy, La informiamo che, Tirler GmbHin qualit\u00e0 di Titolare del trattamento,&#8230;<\/p>\n","protected":false},"author":9,"featured_media":0,"parent":0,"menu_order":0,"comment_status":"closed","ping_status":"open","template":"","meta":{"_acf_changed":false,"footnotes":""},"class_list":["post-1526","page","type-page","status-publish"],"acf":[],"_links":{"self":[{"href":"https:\/\/hotel-tirler.com\/it\/wp-json\/wp\/v2\/pages\/1526","targetHints":{"allow":["GET"]}}],"collection":[{"href":"https:\/\/hotel-tirler.com\/it\/wp-json\/wp\/v2\/pages"}],"about":[{"href":"https:\/\/hotel-tirler.com\/it\/wp-json\/wp\/v2\/types\/page"}],"author":[{"embeddable":true,"href":"https:\/\/hotel-tirler.com\/it\/wp-json\/wp\/v2\/users\/9"}],"replies":[{"embeddable":true,"href":"https:\/\/hotel-tirler.com\/it\/wp-json\/wp\/v2\/comments?post=1526"}],"version-history":[{"count":0,"href":"https:\/\/hotel-tirler.com\/it\/wp-json\/wp\/v2\/pages\/1526\/revisions"}],"wp:attachment":[{"href":"https:\/\/hotel-tirler.com\/it\/wp-json\/wp\/v2\/media?parent=1526"}],"curies":[{"name":"wp","href":"https:\/\/api.w.org\/{rel}","templated":true}]}}